{"id":8302,"date":"2025-05-26T15:31:45","date_gmt":"2025-05-26T15:31:45","guid":{"rendered":"https:\/\/www.diplomathotel.com\/?page_id=8302"},"modified":"2026-03-17T10:25:59","modified_gmt":"2026-03-17T10:25:59","slug":"visit-millesgarden","status":"publish","type":"page","link":"https:\/\/www.diplomathotel.com\/en\/explore\/visit-millesgarden\/","title":{"rendered":"Visit Millesg\u00e5rden"},"content":{"rendered":"","protected":false},"excerpt":{"rendered":"","protected":false},"author":2,"featured_media":8304,"parent":3916,"menu_order":127,"comment_status":"closed","ping_status":"closed","template":"templates\/blocks.php","meta":{"_acf_changed":false,"footnotes":""},"categories":[30],"tags":[],"class_list":["post-8302","page","type-page","status-publish","has-post-thumbnail","hentry","category-whats-on-archive-en"],"acf":[],"yoast_head":"<!-- This site is optimized with the Yoast SEO plugin v27.3 - https:\/\/yoast.com\/product\/yoast-seo-wordpress\/ -->\n<title>Visit Millesg\u00e5rden - Hotel Diplomat<\/title>\n<meta name=\"description\" content=\"Visit and explore Millesg\u00e5rden from Hotel Diplomat this summer. Today, Millesg\u00e5rden Museum stands as a unique and independent art institution\" \/>\n<meta name=\"robots\" content=\"index, follow, max-snippet:-1, max-image-preview:large, max-video-preview:-1\" \/>\n<link rel=\"canonical\" href=\"https:\/\/www.diplomathotel.com\/en\/explore\/visit-millesgarden\/\" \/>\n<meta property=\"og:locale\" content=\"en_US\" \/>\n<meta property=\"og:type\" content=\"article\" \/>\n<meta property=\"og:title\" content=\"Visit Millesg\u00e5rden - Hotel Diplomat\" \/>\n<meta property=\"og:description\" content=\"Visit and explore Millesg\u00e5rden from Hotel Diplomat this summer. Today, Millesg\u00e5rden Museum stands as a unique and independent art institution\" \/>\n<meta property=\"og:url\" content=\"https:\/\/www.diplomathotel.com\/en\/explore\/visit-millesgarden\/\" \/>\n<meta property=\"og:site_name\" content=\"Hotel Diplomat\" \/>\n<meta property=\"article:modified_time\" content=\"2026-03-17T10:25:59+00:00\" \/>\n<meta property=\"og:image\" content=\"https:\/\/www.diplomathotel.com\/wp-content\/uploads\/2025\/05\/millesgarden-museum-photo-elisabeth-toll-5923-0c5e76eb-e952-4491-a763-f21fbb264cb0.webp\" \/>\n\t<meta property=\"og:image:width\" content=\"1246\" \/>\n\t<meta property=\"og:image:height\" content=\"701\" \/>\n\t<meta property=\"og:image:type\" content=\"image\/webp\" \/>\n<meta name=\"twitter:card\" content=\"summary_large_image\" \/>\n<script type=\"application\/ld+json\" class=\"yoast-schema-graph\">{\"@context\":\"https:\\\/\\\/schema.org\",\"@graph\":[{\"@type\":\"WebPage\",\"@id\":\"https:\\\/\\\/www.diplomathotel.com\\\/en\\\/explore\\\/visit-millesgarden\\\/\",\"url\":\"https:\\\/\\\/www.diplomathotel.com\\\/en\\\/explore\\\/visit-millesgarden\\\/\",\"name\":\"Visit Millesg\u00e5rden - Hotel Diplomat\",\"isPartOf\":{\"@id\":\"https:\\\/\\\/www.diplomathotel.com\\\/en\\\/#website\"},\"primaryImageOfPage\":{\"@id\":\"https:\\\/\\\/www.diplomathotel.com\\\/en\\\/explore\\\/visit-millesgarden\\\/#primaryimage\"},\"image\":{\"@id\":\"https:\\\/\\\/www.diplomathotel.com\\\/en\\\/explore\\\/visit-millesgarden\\\/#primaryimage\"},\"thumbnailUrl\":\"https:\\\/\\\/www.diplomathotel.com\\\/wp-content\\\/uploads\\\/2025\\\/05\\\/millesgarden-museum-photo-elisabeth-toll-5923-0c5e76eb-e952-4491-a763-f21fbb264cb0.webp\",\"datePublished\":\"2025-05-26T15:31:45+00:00\",\"dateModified\":\"2026-03-17T10:25:59+00:00\",\"description\":\"Visit and explore Millesg\u00e5rden from Hotel Diplomat this summer. Today, Millesg\u00e5rden Museum stands as a unique and independent art institution\",\"breadcrumb\":{\"@id\":\"https:\\\/\\\/www.diplomathotel.com\\\/en\\\/explore\\\/visit-millesgarden\\\/#breadcrumb\"},\"inLanguage\":\"en-US\",\"potentialAction\":[{\"@type\":\"ReadAction\",\"target\":[\"https:\\\/\\\/www.diplomathotel.com\\\/en\\\/explore\\\/visit-millesgarden\\\/\"]}]},{\"@type\":\"ImageObject\",\"inLanguage\":\"en-US\",\"@id\":\"https:\\\/\\\/www.diplomathotel.com\\\/en\\\/explore\\\/visit-millesgarden\\\/#primaryimage\",\"url\":\"https:\\\/\\\/www.diplomathotel.com\\\/wp-content\\\/uploads\\\/2025\\\/05\\\/millesgarden-museum-photo-elisabeth-toll-5923-0c5e76eb-e952-4491-a763-f21fbb264cb0.webp\",\"contentUrl\":\"https:\\\/\\\/www.diplomathotel.com\\\/wp-content\\\/uploads\\\/2025\\\/05\\\/millesgarden-museum-photo-elisabeth-toll-5923-0c5e76eb-e952-4491-a763-f21fbb264cb0.webp\",\"width\":1246,\"height\":701},{\"@type\":\"BreadcrumbList\",\"@id\":\"https:\\\/\\\/www.diplomathotel.com\\\/en\\\/explore\\\/visit-millesgarden\\\/#breadcrumb\",\"itemListElement\":[{\"@type\":\"ListItem\",\"position\":1,\"name\":\"Home\",\"item\":\"https:\\\/\\\/www.diplomathotel.com\\\/en\\\/\"},{\"@type\":\"ListItem\",\"position\":2,\"name\":\"What&#8217;s On\",\"item\":\"https:\\\/\\\/www.diplomathotel.com\\\/en\\\/explore\\\/\"},{\"@type\":\"ListItem\",\"position\":3,\"name\":\"Visit Millesg\u00e5rden\"}]},{\"@type\":\"WebSite\",\"@id\":\"https:\\\/\\\/www.diplomathotel.com\\\/en\\\/#website\",\"url\":\"https:\\\/\\\/www.diplomathotel.com\\\/en\\\/\",\"name\":\"Hotel Diplomat\",\"description\":\"Hotell centralt bel\u00e4get i Stockholm\",\"publisher\":{\"@id\":\"https:\\\/\\\/www.diplomathotel.com\\\/en\\\/#organization\"},\"potentialAction\":[{\"@type\":\"SearchAction\",\"target\":{\"@type\":\"EntryPoint\",\"urlTemplate\":\"https:\\\/\\\/www.diplomathotel.com\\\/en\\\/?s={search_term_string}\"},\"query-input\":{\"@type\":\"PropertyValueSpecification\",\"valueRequired\":true,\"valueName\":\"search_term_string\"}}],\"inLanguage\":\"en-US\"},{\"@type\":\"Organization\",\"@id\":\"https:\\\/\\\/www.diplomathotel.com\\\/en\\\/#organization\",\"name\":\"Villa dagmar\",\"url\":\"https:\\\/\\\/www.diplomathotel.com\\\/en\\\/\",\"logo\":{\"@type\":\"ImageObject\",\"inLanguage\":\"en-US\",\"@id\":\"https:\\\/\\\/www.diplomathotel.com\\\/en\\\/#\\\/schema\\\/logo\\\/image\\\/\",\"url\":\"https:\\\/\\\/www.diplomathotel.com\\\/wp-content\\\/uploads\\\/2019\\\/01\\\/logo.png\",\"contentUrl\":\"https:\\\/\\\/www.diplomathotel.com\\\/wp-content\\\/uploads\\\/2019\\\/01\\\/logo.png\",\"width\":450,\"height\":598,\"caption\":\"Villa dagmar\"},\"image\":{\"@id\":\"https:\\\/\\\/www.diplomathotel.com\\\/en\\\/#\\\/schema\\\/logo\\\/image\\\/\"}}]}<\/script>\n<!-- \/ Yoast SEO plugin. -->","yoast_head_json":{"title":"Visit Millesg\u00e5rden - Hotel Diplomat","description":"Visit and explore Millesg\u00e5rden from Hotel Diplomat this summer. Today, Millesg\u00e5rden Museum stands as a unique and independent art institution","robots":{"index":"index","follow":"follow","max-snippet":"max-snippet:-1","max-image-preview":"max-image-preview:large","max-video-preview":"max-video-preview:-1"},"canonical":"https:\/\/www.diplomathotel.com\/en\/explore\/visit-millesgarden\/","og_locale":"en_US","og_type":"article","og_title":"Visit Millesg\u00e5rden - Hotel Diplomat","og_description":"Visit and explore Millesg\u00e5rden from Hotel Diplomat this summer. Today, Millesg\u00e5rden Museum stands as a unique and independent art institution","og_url":"https:\/\/www.diplomathotel.com\/en\/explore\/visit-millesgarden\/","og_site_name":"Hotel Diplomat","article_modified_time":"2026-03-17T10:25:59+00:00","og_image":[{"width":1246,"height":701,"url":"https:\/\/www.diplomathotel.com\/wp-content\/uploads\/2025\/05\/millesgarden-museum-photo-elisabeth-toll-5923-0c5e76eb-e952-4491-a763-f21fbb264cb0.webp","type":"image\/webp"}],"twitter_card":"summary_large_image","schema":{"@context":"https:\/\/schema.org","@graph":[{"@type":"WebPage","@id":"https:\/\/www.diplomathotel.com\/en\/explore\/visit-millesgarden\/","url":"https:\/\/www.diplomathotel.com\/en\/explore\/visit-millesgarden\/","name":"Visit Millesg\u00e5rden - Hotel Diplomat","isPartOf":{"@id":"https:\/\/www.diplomathotel.com\/en\/#website"},"primaryImageOfPage":{"@id":"https:\/\/www.diplomathotel.com\/en\/explore\/visit-millesgarden\/#primaryimage"},"image":{"@id":"https:\/\/www.diplomathotel.com\/en\/explore\/visit-millesgarden\/#primaryimage"},"thumbnailUrl":"https:\/\/www.diplomathotel.com\/wp-content\/uploads\/2025\/05\/millesgarden-museum-photo-elisabeth-toll-5923-0c5e76eb-e952-4491-a763-f21fbb264cb0.webp","datePublished":"2025-05-26T15:31:45+00:00","dateModified":"2026-03-17T10:25:59+00:00","description":"Visit and explore Millesg\u00e5rden from Hotel Diplomat this summer. Today, Millesg\u00e5rden Museum stands as a unique and independent art institution","breadcrumb":{"@id":"https:\/\/www.diplomathotel.com\/en\/explore\/visit-millesgarden\/#breadcrumb"},"inLanguage":"en-US","potentialAction":[{"@type":"ReadAction","target":["https:\/\/www.diplomathotel.com\/en\/explore\/visit-millesgarden\/"]}]},{"@type":"ImageObject","inLanguage":"en-US","@id":"https:\/\/www.diplomathotel.com\/en\/explore\/visit-millesgarden\/#primaryimage","url":"https:\/\/www.diplomathotel.com\/wp-content\/uploads\/2025\/05\/millesgarden-museum-photo-elisabeth-toll-5923-0c5e76eb-e952-4491-a763-f21fbb264cb0.webp","contentUrl":"https:\/\/www.diplomathotel.com\/wp-content\/uploads\/2025\/05\/millesgarden-museum-photo-elisabeth-toll-5923-0c5e76eb-e952-4491-a763-f21fbb264cb0.webp","width":1246,"height":701},{"@type":"BreadcrumbList","@id":"https:\/\/www.diplomathotel.com\/en\/explore\/visit-millesgarden\/#breadcrumb","itemListElement":[{"@type":"ListItem","position":1,"name":"Home","item":"https:\/\/www.diplomathotel.com\/en\/"},{"@type":"ListItem","position":2,"name":"What&#8217;s On","item":"https:\/\/www.diplomathotel.com\/en\/explore\/"},{"@type":"ListItem","position":3,"name":"Visit Millesg\u00e5rden"}]},{"@type":"WebSite","@id":"https:\/\/www.diplomathotel.com\/en\/#website","url":"https:\/\/www.diplomathotel.com\/en\/","name":"Hotel Diplomat","description":"Hotell centralt bel\u00e4get i Stockholm","publisher":{"@id":"https:\/\/www.diplomathotel.com\/en\/#organization"},"potentialAction":[{"@type":"SearchAction","target":{"@type":"EntryPoint","urlTemplate":"https:\/\/www.diplomathotel.com\/en\/?s={search_term_string}"},"query-input":{"@type":"PropertyValueSpecification","valueRequired":true,"valueName":"search_term_string"}}],"inLanguage":"en-US"},{"@type":"Organization","@id":"https:\/\/www.diplomathotel.com\/en\/#organization","name":"Villa dagmar","url":"https:\/\/www.diplomathotel.com\/en\/","logo":{"@type":"ImageObject","inLanguage":"en-US","@id":"https:\/\/www.diplomathotel.com\/en\/#\/schema\/logo\/image\/","url":"https:\/\/www.diplomathotel.com\/wp-content\/uploads\/2019\/01\/logo.png","contentUrl":"https:\/\/www.diplomathotel.com\/wp-content\/uploads\/2019\/01\/logo.png","width":450,"height":598,"caption":"Villa dagmar"},"image":{"@id":"https:\/\/www.diplomathotel.com\/en\/#\/schema\/logo\/image\/"}}]}},"_links":{"self":[{"href":"https:\/\/www.diplomathotel.com\/en\/wp-json\/wp\/v2\/pages\/8302","targetHints":{"allow":["GET"]}}],"collection":[{"href":"https:\/\/www.diplomathotel.com\/en\/wp-json\/wp\/v2\/pages"}],"about":[{"href":"https:\/\/www.diplomathotel.com\/en\/wp-json\/wp\/v2\/types\/page"}],"author":[{"embeddable":true,"href":"https:\/\/www.diplomathotel.com\/en\/wp-json\/wp\/v2\/users\/2"}],"replies":[{"embeddable":true,"href":"https:\/\/www.diplomathotel.com\/en\/wp-json\/wp\/v2\/comments?post=8302"}],"version-history":[{"count":1,"href":"https:\/\/www.diplomathotel.com\/en\/wp-json\/wp\/v2\/pages\/8302\/revisions"}],"predecessor-version":[{"id":10744,"href":"https:\/\/www.diplomathotel.com\/en\/wp-json\/wp\/v2\/pages\/8302\/revisions\/10744"}],"up":[{"embeddable":true,"href":"https:\/\/www.diplomathotel.com\/en\/wp-json\/wp\/v2\/pages\/3916"}],"wp:featuredmedia":[{"embeddable":true,"href":"https:\/\/www.diplomathotel.com\/en\/wp-json\/wp\/v2\/media\/8304"}],"wp:attachment":[{"href":"https:\/\/www.diplomathotel.com\/en\/wp-json\/wp\/v2\/media?parent=8302"}],"wp:term":[{"taxonomy":"category","embeddable":true,"href":"https:\/\/www.diplomathotel.com\/en\/wp-json\/wp\/v2\/categories?post=8302"},{"taxonomy":"post_tag","embeddable":true,"href":"https:\/\/www.diplomathotel.com\/en\/wp-json\/wp\/v2\/tags?post=8302"}],"curies":[{"name":"wp","href":"https:\/\/api.w.org\/{rel}","templated":true}]}}