{"id":6849,"date":"2019-05-23T07:29:14","date_gmt":"2019-05-23T07:29:14","guid":{"rendered":"https:\/\/www.diplomathotel.com\/press\/"},"modified":"2026-01-26T14:19:58","modified_gmt":"2026-01-26T14:19:58","slug":"press","status":"publish","type":"page","link":"https:\/\/www.diplomathotel.com\/en\/press\/","title":{"rendered":"Press"},"content":{"rendered":"","protected":false},"excerpt":{"rendered":"","protected":false},"author":2,"featured_media":0,"parent":0,"menu_order":287,"comment_status":"closed","ping_status":"closed","template":"templates\/blocks.php","meta":{"_acf_changed":false,"footnotes":""},"categories":[],"tags":[],"class_list":["post-6849","page","type-page","status-publish","hentry"],"acf":[],"yoast_head":"<!-- This site is optimized with the Yoast SEO plugin v21.2 - https:\/\/yoast.com\/wordpress\/plugins\/seo\/ -->\n<title>Press - Hotel Diplomat<\/title>\n<meta name=\"description\" content=\"F\u00f6r pressf\u00f6rfr\u00e5gningar kring Hotel Diplomat ombeds ni kontakta oss h\u00e4r.\" \/>\n<meta name=\"robots\" content=\"index, follow, max-snippet:-1, max-image-preview:large, max-video-preview:-1\" \/>\n<link rel=\"canonical\" href=\"https:\/\/www.diplomathotel.com\/en\/press\/\" \/>\n<meta property=\"og:locale\" content=\"en_US\" \/>\n<meta property=\"og:type\" content=\"article\" \/>\n<meta property=\"og:title\" content=\"Press - Hotel Diplomat\" \/>\n<meta property=\"og:description\" content=\"F\u00f6r pressf\u00f6rfr\u00e5gningar kring Hotel Diplomat ombeds ni kontakta oss h\u00e4r.\" \/>\n<meta property=\"og:url\" content=\"https:\/\/www.diplomathotel.com\/en\/press\/\" \/>\n<meta property=\"og:site_name\" content=\"Hotel Diplomat\" \/>\n<meta property=\"article:modified_time\" content=\"2026-01-26T14:19:58+00:00\" \/>\n<meta name=\"twitter:card\" content=\"summary_large_image\" \/>\n<script type=\"application\/ld+json\" class=\"yoast-schema-graph\">{\"@context\":\"https:\/\/schema.org\",\"@graph\":[{\"@type\":\"WebPage\",\"@id\":\"https:\/\/www.diplomathotel.com\/en\/press\/\",\"url\":\"https:\/\/www.diplomathotel.com\/en\/press\/\",\"name\":\"Press - Hotel Diplomat\",\"isPartOf\":{\"@id\":\"https:\/\/www.diplomathotel.com\/en\/#website\"},\"datePublished\":\"2019-05-23T07:29:14+00:00\",\"dateModified\":\"2026-01-26T14:19:58+00:00\",\"description\":\"F\u00f6r pressf\u00f6rfr\u00e5gningar kring Hotel Diplomat ombeds ni kontakta oss h\u00e4r.\",\"breadcrumb\":{\"@id\":\"https:\/\/www.diplomathotel.com\/en\/press\/#breadcrumb\"},\"inLanguage\":\"en-US\",\"potentialAction\":[{\"@type\":\"ReadAction\",\"target\":[\"https:\/\/www.diplomathotel.com\/en\/press\/\"]}]},{\"@type\":\"BreadcrumbList\",\"@id\":\"https:\/\/www.diplomathotel.com\/en\/press\/#breadcrumb\",\"itemListElement\":[{\"@type\":\"ListItem\",\"position\":1,\"name\":\"Home\",\"item\":\"https:\/\/www.diplomathotel.com\/en\/\"},{\"@type\":\"ListItem\",\"position\":2,\"name\":\"Press\"}]},{\"@type\":\"WebSite\",\"@id\":\"https:\/\/www.diplomathotel.com\/en\/#website\",\"url\":\"https:\/\/www.diplomathotel.com\/en\/\",\"name\":\"Hotel Diplomat\",\"description\":\"Hotell centralt bel\u00e4get i Stockholm\",\"publisher\":{\"@id\":\"https:\/\/www.diplomathotel.com\/en\/#organization\"},\"potentialAction\":[{\"@type\":\"SearchAction\",\"target\":{\"@type\":\"EntryPoint\",\"urlTemplate\":\"https:\/\/www.diplomathotel.com\/en\/?s={search_term_string}\"},\"query-input\":\"required name=search_term_string\"}],\"inLanguage\":\"en-US\"},{\"@type\":\"Organization\",\"@id\":\"https:\/\/www.diplomathotel.com\/en\/#organization\",\"name\":\"Villa dagmar\",\"url\":\"https:\/\/www.diplomathotel.com\/en\/\",\"logo\":{\"@type\":\"ImageObject\",\"inLanguage\":\"en-US\",\"@id\":\"https:\/\/www.diplomathotel.com\/en\/#\/schema\/logo\/image\/\",\"url\":\"https:\/\/www.diplomathotel.com\/wp-content\/uploads\/2019\/01\/logo.png\",\"contentUrl\":\"https:\/\/www.diplomathotel.com\/wp-content\/uploads\/2019\/01\/logo.png\",\"width\":450,\"height\":598,\"caption\":\"Villa dagmar\"},\"image\":{\"@id\":\"https:\/\/www.diplomathotel.com\/en\/#\/schema\/logo\/image\/\"}}]}<\/script>\n<!-- \/ Yoast SEO plugin. -->","yoast_head_json":{"title":"Press - Hotel Diplomat","description":"F\u00f6r pressf\u00f6rfr\u00e5gningar kring Hotel Diplomat ombeds ni kontakta oss h\u00e4r.","robots":{"index":"index","follow":"follow","max-snippet":"max-snippet:-1","max-image-preview":"max-image-preview:large","max-video-preview":"max-video-preview:-1"},"canonical":"https:\/\/www.diplomathotel.com\/en\/press\/","og_locale":"en_US","og_type":"article","og_title":"Press - Hotel Diplomat","og_description":"F\u00f6r pressf\u00f6rfr\u00e5gningar kring Hotel Diplomat ombeds ni kontakta oss h\u00e4r.","og_url":"https:\/\/www.diplomathotel.com\/en\/press\/","og_site_name":"Hotel Diplomat","article_modified_time":"2026-01-26T14:19:58+00:00","twitter_card":"summary_large_image","schema":{"@context":"https:\/\/schema.org","@graph":[{"@type":"WebPage","@id":"https:\/\/www.diplomathotel.com\/en\/press\/","url":"https:\/\/www.diplomathotel.com\/en\/press\/","name":"Press - Hotel Diplomat","isPartOf":{"@id":"https:\/\/www.diplomathotel.com\/en\/#website"},"datePublished":"2019-05-23T07:29:14+00:00","dateModified":"2026-01-26T14:19:58+00:00","description":"F\u00f6r pressf\u00f6rfr\u00e5gningar kring Hotel Diplomat ombeds ni kontakta oss h\u00e4r.","breadcrumb":{"@id":"https:\/\/www.diplomathotel.com\/en\/press\/#breadcrumb"},"inLanguage":"en-US","potentialAction":[{"@type":"ReadAction","target":["https:\/\/www.diplomathotel.com\/en\/press\/"]}]},{"@type":"BreadcrumbList","@id":"https:\/\/www.diplomathotel.com\/en\/press\/#breadcrumb","itemListElement":[{"@type":"ListItem","position":1,"name":"Home","item":"https:\/\/www.diplomathotel.com\/en\/"},{"@type":"ListItem","position":2,"name":"Press"}]},{"@type":"WebSite","@id":"https:\/\/www.diplomathotel.com\/en\/#website","url":"https:\/\/www.diplomathotel.com\/en\/","name":"Hotel Diplomat","description":"Hotell centralt bel\u00e4get i Stockholm","publisher":{"@id":"https:\/\/www.diplomathotel.com\/en\/#organization"},"potentialAction":[{"@type":"SearchAction","target":{"@type":"EntryPoint","urlTemplate":"https:\/\/www.diplomathotel.com\/en\/?s={search_term_string}"},"query-input":"required name=search_term_string"}],"inLanguage":"en-US"},{"@type":"Organization","@id":"https:\/\/www.diplomathotel.com\/en\/#organization","name":"Villa dagmar","url":"https:\/\/www.diplomathotel.com\/en\/","logo":{"@type":"ImageObject","inLanguage":"en-US","@id":"https:\/\/www.diplomathotel.com\/en\/#\/schema\/logo\/image\/","url":"https:\/\/www.diplomathotel.com\/wp-content\/uploads\/2019\/01\/logo.png","contentUrl":"https:\/\/www.diplomathotel.com\/wp-content\/uploads\/2019\/01\/logo.png","width":450,"height":598,"caption":"Villa dagmar"},"image":{"@id":"https:\/\/www.diplomathotel.com\/en\/#\/schema\/logo\/image\/"}}]}},"_links":{"self":[{"href":"https:\/\/www.diplomathotel.com\/en\/wp-json\/wp\/v2\/pages\/6849","targetHints":{"allow":["GET"]}}],"collection":[{"href":"https:\/\/www.diplomathotel.com\/en\/wp-json\/wp\/v2\/pages"}],"about":[{"href":"https:\/\/www.diplomathotel.com\/en\/wp-json\/wp\/v2\/types\/page"}],"author":[{"embeddable":true,"href":"https:\/\/www.diplomathotel.com\/en\/wp-json\/wp\/v2\/users\/2"}],"replies":[{"embeddable":true,"href":"https:\/\/www.diplomathotel.com\/en\/wp-json\/wp\/v2\/comments?post=6849"}],"version-history":[{"count":0,"href":"https:\/\/www.diplomathotel.com\/en\/wp-json\/wp\/v2\/pages\/6849\/revisions"}],"wp:attachment":[{"href":"https:\/\/www.diplomathotel.com\/en\/wp-json\/wp\/v2\/media?parent=6849"}],"wp:term":[{"taxonomy":"category","embeddable":true,"href":"https:\/\/www.diplomathotel.com\/en\/wp-json\/wp\/v2\/categories?post=6849"},{"taxonomy":"post_tag","embeddable":true,"href":"https:\/\/www.diplomathotel.com\/en\/wp-json\/wp\/v2\/tags?post=6849"}],"curies":[{"name":"wp","href":"https:\/\/api.w.org\/{rel}","templated":true}]}}