{"id":5026,"date":"2022-10-13T14:40:21","date_gmt":"2022-10-13T14:40:21","guid":{"rendered":"https:\/\/www.diplomathotel.com\/?page_id=5026"},"modified":"2022-10-13T14:48:28","modified_gmt":"2022-10-13T14:48:28","slug":"three-exclusive-restaurants-at-ostermalm","status":"publish","type":"page","link":"https:\/\/www.diplomathotel.com\/en\/explore\/three-exclusive-restaurants-at-ostermalm\/","title":{"rendered":"Three exclusive restaurants at \u00d6stermalm"},"content":{"rendered":"","protected":false},"excerpt":{"rendered":"","protected":false},"author":6,"featured_media":4999,"parent":3916,"menu_order":63,"comment_status":"closed","ping_status":"closed","template":"templates\/blocks.php","meta":{"_acf_changed":false,"footnotes":""},"categories":[],"tags":[],"class_list":["post-5026","page","type-page","status-publish","has-post-thumbnail","hentry"],"acf":[],"yoast_head":"<!-- This site is optimized with the Yoast SEO plugin v27.3 - https:\/\/yoast.com\/product\/yoast-seo-wordpress\/ -->\n<title>Three exclusive restaurants at \u00d6stermalm - Hotel Diplomat<\/title>\n<meta name=\"description\" content=\"\u00d6stermalm is teeming with enchanting restaurants. Here we list three exclusive restaurants at \u00d6stermalm that you must not miss.\" \/>\n<meta name=\"robots\" content=\"index, follow, max-snippet:-1, max-image-preview:large, max-video-preview:-1\" \/>\n<link rel=\"canonical\" href=\"https:\/\/www.diplomathotel.com\/en\/explore\/three-exclusive-restaurants-at-ostermalm\/\" \/>\n<meta property=\"og:locale\" content=\"en_US\" \/>\n<meta property=\"og:type\" content=\"article\" \/>\n<meta property=\"og:title\" content=\"Three exclusive restaurants at \u00d6stermalm - Hotel Diplomat\" \/>\n<meta property=\"og:description\" content=\"\u00d6stermalm is teeming with enchanting restaurants. Here we list three exclusive restaurants at \u00d6stermalm that you must not miss.\" \/>\n<meta property=\"og:url\" content=\"https:\/\/www.diplomathotel.com\/en\/explore\/three-exclusive-restaurants-at-ostermalm\/\" \/>\n<meta property=\"og:site_name\" content=\"Hotel Diplomat\" \/>\n<meta property=\"article:modified_time\" content=\"2022-10-13T14:48:28+00:00\" \/>\n<meta property=\"og:image\" content=\"https:\/\/www.diplomathotel.com\/wp-content\/uploads\/2022\/10\/hotel-diplomat-restaurang.jpeg\" \/>\n\t<meta property=\"og:image:width\" content=\"1800\" \/>\n\t<meta property=\"og:image:height\" content=\"900\" \/>\n\t<meta property=\"og:image:type\" content=\"image\/jpeg\" \/>\n<meta name=\"twitter:card\" content=\"summary_large_image\" \/>\n<script type=\"application\/ld+json\" class=\"yoast-schema-graph\">{\"@context\":\"https:\\\/\\\/schema.org\",\"@graph\":[{\"@type\":\"WebPage\",\"@id\":\"https:\\\/\\\/www.diplomathotel.com\\\/en\\\/explore\\\/three-exclusive-restaurants-at-ostermalm\\\/\",\"url\":\"https:\\\/\\\/www.diplomathotel.com\\\/en\\\/explore\\\/three-exclusive-restaurants-at-ostermalm\\\/\",\"name\":\"Three exclusive restaurants at \u00d6stermalm - Hotel Diplomat\",\"isPartOf\":{\"@id\":\"https:\\\/\\\/www.diplomathotel.com\\\/en\\\/#website\"},\"primaryImageOfPage\":{\"@id\":\"https:\\\/\\\/www.diplomathotel.com\\\/en\\\/explore\\\/three-exclusive-restaurants-at-ostermalm\\\/#primaryimage\"},\"image\":{\"@id\":\"https:\\\/\\\/www.diplomathotel.com\\\/en\\\/explore\\\/three-exclusive-restaurants-at-ostermalm\\\/#primaryimage\"},\"thumbnailUrl\":\"https:\\\/\\\/www.diplomathotel.com\\\/wp-content\\\/uploads\\\/2022\\\/10\\\/hotel-diplomat-restaurang.jpeg\",\"datePublished\":\"2022-10-13T14:40:21+00:00\",\"dateModified\":\"2022-10-13T14:48:28+00:00\",\"description\":\"\u00d6stermalm is teeming with enchanting restaurants. Here we list three exclusive restaurants at \u00d6stermalm that you must not miss.\",\"breadcrumb\":{\"@id\":\"https:\\\/\\\/www.diplomathotel.com\\\/en\\\/explore\\\/three-exclusive-restaurants-at-ostermalm\\\/#breadcrumb\"},\"inLanguage\":\"en-US\",\"potentialAction\":[{\"@type\":\"ReadAction\",\"target\":[\"https:\\\/\\\/www.diplomathotel.com\\\/en\\\/explore\\\/three-exclusive-restaurants-at-ostermalm\\\/\"]}]},{\"@type\":\"ImageObject\",\"inLanguage\":\"en-US\",\"@id\":\"https:\\\/\\\/www.diplomathotel.com\\\/en\\\/explore\\\/three-exclusive-restaurants-at-ostermalm\\\/#primaryimage\",\"url\":\"https:\\\/\\\/www.diplomathotel.com\\\/wp-content\\\/uploads\\\/2022\\\/10\\\/hotel-diplomat-restaurang.jpeg\",\"contentUrl\":\"https:\\\/\\\/www.diplomathotel.com\\\/wp-content\\\/uploads\\\/2022\\\/10\\\/hotel-diplomat-restaurang.jpeg\",\"width\":1800,\"height\":900,\"caption\":\"hotel diplomat restaurant\"},{\"@type\":\"BreadcrumbList\",\"@id\":\"https:\\\/\\\/www.diplomathotel.com\\\/en\\\/explore\\\/three-exclusive-restaurants-at-ostermalm\\\/#breadcrumb\",\"itemListElement\":[{\"@type\":\"ListItem\",\"position\":1,\"name\":\"Home\",\"item\":\"https:\\\/\\\/www.diplomathotel.com\\\/en\\\/\"},{\"@type\":\"ListItem\",\"position\":2,\"name\":\"What&#8217;s On\",\"item\":\"https:\\\/\\\/www.diplomathotel.com\\\/en\\\/explore\\\/\"},{\"@type\":\"ListItem\",\"position\":3,\"name\":\"Three exclusive restaurants at \u00d6stermalm\"}]},{\"@type\":\"WebSite\",\"@id\":\"https:\\\/\\\/www.diplomathotel.com\\\/en\\\/#website\",\"url\":\"https:\\\/\\\/www.diplomathotel.com\\\/en\\\/\",\"name\":\"Hotel Diplomat\",\"description\":\"Hotell centralt bel\u00e4get i Stockholm\",\"publisher\":{\"@id\":\"https:\\\/\\\/www.diplomathotel.com\\\/en\\\/#organization\"},\"potentialAction\":[{\"@type\":\"SearchAction\",\"target\":{\"@type\":\"EntryPoint\",\"urlTemplate\":\"https:\\\/\\\/www.diplomathotel.com\\\/en\\\/?s={search_term_string}\"},\"query-input\":{\"@type\":\"PropertyValueSpecification\",\"valueRequired\":true,\"valueName\":\"search_term_string\"}}],\"inLanguage\":\"en-US\"},{\"@type\":\"Organization\",\"@id\":\"https:\\\/\\\/www.diplomathotel.com\\\/en\\\/#organization\",\"name\":\"Villa dagmar\",\"url\":\"https:\\\/\\\/www.diplomathotel.com\\\/en\\\/\",\"logo\":{\"@type\":\"ImageObject\",\"inLanguage\":\"en-US\",\"@id\":\"https:\\\/\\\/www.diplomathotel.com\\\/en\\\/#\\\/schema\\\/logo\\\/image\\\/\",\"url\":\"https:\\\/\\\/www.diplomathotel.com\\\/wp-content\\\/uploads\\\/2019\\\/01\\\/logo.png\",\"contentUrl\":\"https:\\\/\\\/www.diplomathotel.com\\\/wp-content\\\/uploads\\\/2019\\\/01\\\/logo.png\",\"width\":450,\"height\":598,\"caption\":\"Villa dagmar\"},\"image\":{\"@id\":\"https:\\\/\\\/www.diplomathotel.com\\\/en\\\/#\\\/schema\\\/logo\\\/image\\\/\"}}]}<\/script>\n<!-- \/ Yoast SEO plugin. -->","yoast_head_json":{"title":"Three exclusive restaurants at \u00d6stermalm - Hotel Diplomat","description":"\u00d6stermalm is teeming with enchanting restaurants. Here we list three exclusive restaurants at \u00d6stermalm that you must not miss.","robots":{"index":"index","follow":"follow","max-snippet":"max-snippet:-1","max-image-preview":"max-image-preview:large","max-video-preview":"max-video-preview:-1"},"canonical":"https:\/\/www.diplomathotel.com\/en\/explore\/three-exclusive-restaurants-at-ostermalm\/","og_locale":"en_US","og_type":"article","og_title":"Three exclusive restaurants at \u00d6stermalm - Hotel Diplomat","og_description":"\u00d6stermalm is teeming with enchanting restaurants. Here we list three exclusive restaurants at \u00d6stermalm that you must not miss.","og_url":"https:\/\/www.diplomathotel.com\/en\/explore\/three-exclusive-restaurants-at-ostermalm\/","og_site_name":"Hotel Diplomat","article_modified_time":"2022-10-13T14:48:28+00:00","og_image":[{"width":1800,"height":900,"url":"https:\/\/www.diplomathotel.com\/wp-content\/uploads\/2022\/10\/hotel-diplomat-restaurang.jpeg","type":"image\/jpeg"}],"twitter_card":"summary_large_image","schema":{"@context":"https:\/\/schema.org","@graph":[{"@type":"WebPage","@id":"https:\/\/www.diplomathotel.com\/en\/explore\/three-exclusive-restaurants-at-ostermalm\/","url":"https:\/\/www.diplomathotel.com\/en\/explore\/three-exclusive-restaurants-at-ostermalm\/","name":"Three exclusive restaurants at \u00d6stermalm - Hotel Diplomat","isPartOf":{"@id":"https:\/\/www.diplomathotel.com\/en\/#website"},"primaryImageOfPage":{"@id":"https:\/\/www.diplomathotel.com\/en\/explore\/three-exclusive-restaurants-at-ostermalm\/#primaryimage"},"image":{"@id":"https:\/\/www.diplomathotel.com\/en\/explore\/three-exclusive-restaurants-at-ostermalm\/#primaryimage"},"thumbnailUrl":"https:\/\/www.diplomathotel.com\/wp-content\/uploads\/2022\/10\/hotel-diplomat-restaurang.jpeg","datePublished":"2022-10-13T14:40:21+00:00","dateModified":"2022-10-13T14:48:28+00:00","description":"\u00d6stermalm is teeming with enchanting restaurants. Here we list three exclusive restaurants at \u00d6stermalm that you must not miss.","breadcrumb":{"@id":"https:\/\/www.diplomathotel.com\/en\/explore\/three-exclusive-restaurants-at-ostermalm\/#breadcrumb"},"inLanguage":"en-US","potentialAction":[{"@type":"ReadAction","target":["https:\/\/www.diplomathotel.com\/en\/explore\/three-exclusive-restaurants-at-ostermalm\/"]}]},{"@type":"ImageObject","inLanguage":"en-US","@id":"https:\/\/www.diplomathotel.com\/en\/explore\/three-exclusive-restaurants-at-ostermalm\/#primaryimage","url":"https:\/\/www.diplomathotel.com\/wp-content\/uploads\/2022\/10\/hotel-diplomat-restaurang.jpeg","contentUrl":"https:\/\/www.diplomathotel.com\/wp-content\/uploads\/2022\/10\/hotel-diplomat-restaurang.jpeg","width":1800,"height":900,"caption":"hotel diplomat restaurant"},{"@type":"BreadcrumbList","@id":"https:\/\/www.diplomathotel.com\/en\/explore\/three-exclusive-restaurants-at-ostermalm\/#breadcrumb","itemListElement":[{"@type":"ListItem","position":1,"name":"Home","item":"https:\/\/www.diplomathotel.com\/en\/"},{"@type":"ListItem","position":2,"name":"What&#8217;s On","item":"https:\/\/www.diplomathotel.com\/en\/explore\/"},{"@type":"ListItem","position":3,"name":"Three exclusive restaurants at \u00d6stermalm"}]},{"@type":"WebSite","@id":"https:\/\/www.diplomathotel.com\/en\/#website","url":"https:\/\/www.diplomathotel.com\/en\/","name":"Hotel Diplomat","description":"Hotell centralt bel\u00e4get i Stockholm","publisher":{"@id":"https:\/\/www.diplomathotel.com\/en\/#organization"},"potentialAction":[{"@type":"SearchAction","target":{"@type":"EntryPoint","urlTemplate":"https:\/\/www.diplomathotel.com\/en\/?s={search_term_string}"},"query-input":{"@type":"PropertyValueSpecification","valueRequired":true,"valueName":"search_term_string"}}],"inLanguage":"en-US"},{"@type":"Organization","@id":"https:\/\/www.diplomathotel.com\/en\/#organization","name":"Villa dagmar","url":"https:\/\/www.diplomathotel.com\/en\/","logo":{"@type":"ImageObject","inLanguage":"en-US","@id":"https:\/\/www.diplomathotel.com\/en\/#\/schema\/logo\/image\/","url":"https:\/\/www.diplomathotel.com\/wp-content\/uploads\/2019\/01\/logo.png","contentUrl":"https:\/\/www.diplomathotel.com\/wp-content\/uploads\/2019\/01\/logo.png","width":450,"height":598,"caption":"Villa dagmar"},"image":{"@id":"https:\/\/www.diplomathotel.com\/en\/#\/schema\/logo\/image\/"}}]}},"_links":{"self":[{"href":"https:\/\/www.diplomathotel.com\/en\/wp-json\/wp\/v2\/pages\/5026","targetHints":{"allow":["GET"]}}],"collection":[{"href":"https:\/\/www.diplomathotel.com\/en\/wp-json\/wp\/v2\/pages"}],"about":[{"href":"https:\/\/www.diplomathotel.com\/en\/wp-json\/wp\/v2\/types\/page"}],"author":[{"embeddable":true,"href":"https:\/\/www.diplomathotel.com\/en\/wp-json\/wp\/v2\/users\/6"}],"replies":[{"embeddable":true,"href":"https:\/\/www.diplomathotel.com\/en\/wp-json\/wp\/v2\/comments?post=5026"}],"version-history":[{"count":0,"href":"https:\/\/www.diplomathotel.com\/en\/wp-json\/wp\/v2\/pages\/5026\/revisions"}],"up":[{"embeddable":true,"href":"https:\/\/www.diplomathotel.com\/en\/wp-json\/wp\/v2\/pages\/3916"}],"wp:featuredmedia":[{"embeddable":true,"href":"https:\/\/www.diplomathotel.com\/en\/wp-json\/wp\/v2\/media\/4999"}],"wp:attachment":[{"href":"https:\/\/www.diplomathotel.com\/en\/wp-json\/wp\/v2\/media?parent=5026"}],"wp:term":[{"taxonomy":"category","embeddable":true,"href":"https:\/\/www.diplomathotel.com\/en\/wp-json\/wp\/v2\/categories?post=5026"},{"taxonomy":"post_tag","embeddable":true,"href":"https:\/\/www.diplomathotel.com\/en\/wp-json\/wp\/v2\/tags?post=5026"}],"curies":[{"name":"wp","href":"https:\/\/api.w.org\/{rel}","templated":true}]}}